{"id":1050,"date":"2014-07-06T17:57:44","date_gmt":"2014-07-06T15:57:44","guid":{"rendered":"https:\/\/ssl.webpack.de\/fmbg62.de\/wp\/?page_id=1050"},"modified":"2026-03-02T17:43:57","modified_gmt":"2026-03-02T16:43:57","slug":"webcam","status":"publish","type":"page","link":"https:\/\/www.fmbg62.de\/wp\/?page_id=1050","title":{"rendered":"WebCAM"},"content":{"rendered":"<p>Das Bild der WebCAM des Vorbereitungsraums und das virtuelle Flugbuch sind nur f\u00fcr Mitglieder unseres Vereins vorgesehen und deshalb mit einem Zugriffsschutz versehen. Die Zugangsdaten erhalten Mitglieder auf Anfrage beim Vorstand oder beim Webmaster.<\/p>\n<p><center><img decoding=\"async\" src=\"\/fmbg-nowp\/webcam\/aktuell.jpg\" alt=\"WebCAM Vorbereitungsraum\" width=\"90%\" \/><\/center><br \/>\n<span style=\"font-size: 8pt;\"><a href=\"http:\/\/www.fmbg62.de\/fmbg-nowp\/webcam\/index.html\" target=\"_blank\" rel=\"noopener\">[WebCAM in eigenem Fenster anzeigen]<\/a> &#8211; n\u00fctzlich auf Smartphones<\/span><br \/>\nDas Bild aktualisiert sich alle 15 Minuten zwischen 10:00 Uhr und 20:00 Uhr.<\/p>\n<hr \/>\n<p><!--\n<strong style=\"font-size: 18pt;\">Virtuelles Flugbuch<\/strong>\n\n<iframe loading=\"lazy\" src=\"\/fmbg-nowp\/vFB\/index.php\" width=\"100%\" height=\"600\" name=\"FMBG virtuelles Flugbuch in a box\">Ihr Browser kann leider keine eingebetteten Frames anzeigen:\n  Sie k&ouml;nnen die eingebettete Seite &uuml;ber den folgenden Verweis\n  aufrufen: <a href=\"\/fmbg-nowp\/vFB\/index.php\"><\/a>\n\n<\/iframe><span style=\"font-size: 8pt;\"><a href=\"http:\/\/www.fmbg62.de\/fmbg-nowp\/vFB\/index.html\" target=\"_blank\">[Flugbuch in eigenem Fenster anzeigen]<\/a> - n\u00fctzlich auf Smartphones<\/span>\n\n\n\n<hr>\n\n\n\n<strong>Hinweise zum virtuellen Flugbuch<\/strong>\n\nIn das virtuellen Flugbuch kannst Du Dich eintragen, um Deine Zeiten anzugeben, die Du in den n\u00e4chsten Tagen auf dem Flugplatz verbringen willst. \n\n<b>Ein Eintrag in das virtuelle Flugbuch entbindet jedoch nicht von der Eintragungspflicht in das echte Flugbuch auf dem Flugplatz!<\/b>\n\nDas virtuelle Flugbuch wurde so gestaltet, dass Eintr\u00e4ge m\u00f6glichst einfach, auch mit einem Smartphone am Platz, erstellt werden k\u00f6nnen. Du kannst Deinen Eintrag also auch erst am Platz machen, um anderen Mitgliedern anzuzeigen, wie lange Du bleiben willst.\n\nDu ben\u00f6tigst eine pers\u00f6nliche PIN, um Eintr\u00e4ge im virtuellen Flugbuch vorzunehmen und Deine Eintr\u00e4ge aus dem Flugbuch zu entfernen, solltest Du einen fehlerhaften Eintrag gemacht haben. Grunds\u00e4tzlich verschwinden die Eintr\u00e4ge aus dem Flugbuch automatisch, sobald die Endezeit erreicht ist. Man mu\u00df seine Eintr\u00e4ge also \u00fcblicherweise nicht selbst wieder entfernen.\n\nDeine PIN kannst Du Dir mit dem oben stehenden Formular per Email zuschicken lassen. Die PIN wird an die im System hinterlegte Mailadresse verschickt. W\u00e4hle dazu Deinen Vornamen aus und trage Deinen Nachnamen manuell ein. Wenn alles passt, wird Dir Deine PIN nach dem dr\u00fccken der Eingabefl\u00e4che zugesendet.\n\nDu kannst Dir Deine PIN nun merken oder, falls Du sie vergessen hast, jederzeit nochmals zuschicken lassen.\n\n<b>Solltest Du einen anderen Vornamen w\u00e4hlen und den dazu passenden Nachnamen eingeben, dann wird  dieser Person ihre PIN zugesendet. Um die anderen Mitglieder nicht zu ver\u00e4rgern, solltest Du dies besser nicht machen.<\/b>\n\n<b> Sollte Dein Name in der Auswahlbox fehlen und Du m\u00f6chtest am virtuellen Flugbuch teilnehmen, wende Dich bitte an den Webmaster.<\/b>\n\n<strong>Warum \u00fcberhaupt der Umstand mit der PIN?<\/strong> Zur Vermeidung von absichtlichen oder unabsichtlichen Fake-Eintr\u00e4gen und zum Schutz vor Webbots, die - falls sie den Zugriffschutz f\u00fcr die Mitgliederseiten \u00fcberwinden konnten - gerne Formulare ausf\u00fcllen und dadurch das Flugbuch durch unerw\u00fcnschte Eintr\u00e4ge unbrauchbar machen k\u00f6nnen.\n\n<strong>Wie nutzt man das Flugbuch am einfachsten auf dem Smartphone?<\/strong> Grunds\u00e4tzlich kann man immer die Seite der FMBG 1962 mit dem Smartphone aufrufen und zum Flugbuch navigieren. In Zeiten von Apps ist das nat\u00fcrlich umst\u00e4ndlich. Um einen app-\u00e4hnlichen Bedienkomfort zu erreichen, reicht es aber aus, die Flugbuch-Seite mit dem Internet-Browser des Smartphones \u00fcber den Link <a href=\"http:\/\/www.fmbg62.de\/fmbg-nowp\/vFB\/index.html\" target=\"_blank\">[Flugbuch in eigenem Fenster anzeigen]<\/a> aufzurufen und dann als Icon auf die Startseite des Smartphones zu legen. Das funktioniert mit iOS, Android und Windows Phone. Damit ist das Flugbuch immer schnell aufgerufen und f\u00fchlt sich wie eine App an.\n--><\/p>\n","protected":false},"excerpt":{"rendered":"<p>Das Bild der WebCAM des Vorbereitungsraums und das virtuelle Flugbuch sind nur f\u00fcr Mitglieder unseres Vereins vorgesehen und deshalb mit einem Zugriffsschutz versehen. Die Zugangsdaten erhalten Mitglieder auf Anfrage beim Vorstand oder beim Webmaster. [WebCAM in eigenem Fenster anzeigen] &#8211; n\u00fctzlich auf Smartphones Das Bild aktualisiert sich alle 15 Minuten \u2026 <a class=\"continue-reading-link\" href=\"https:\/\/www.fmbg62.de\/wp\/?page_id=1050\"> Continue reading <span class=\"meta-nav\">&rarr; <\/span><\/a><\/p>\n","protected":false},"author":5,"featured_media":0,"parent":0,"menu_order":37,"comment_status":"closed","ping_status":"closed","template":"","meta":{"ngg_post_thumbnail":0,"footnotes":""},"class_list":["post-1050","page","type-page","status-publish","hentry"],"_links":{"self":[{"href":"https:\/\/www.fmbg62.de\/wp\/index.php?rest_route=\/wp\/v2\/pages\/1050","targetHints":{"allow":["GET"]}}],"collection":[{"href":"https:\/\/www.fmbg62.de\/wp\/index.php?rest_route=\/wp\/v2\/pages"}],"about":[{"href":"https:\/\/www.fmbg62.de\/wp\/index.php?rest_route=\/wp\/v2\/types\/page"}],"author":[{"embeddable":true,"href":"https:\/\/www.fmbg62.de\/wp\/index.php?rest_route=\/wp\/v2\/users\/5"}],"replies":[{"embeddable":true,"href":"https:\/\/www.fmbg62.de\/wp\/index.php?rest_route=%2Fwp%2Fv2%2Fcomments&post=1050"}],"version-history":[{"count":63,"href":"https:\/\/www.fmbg62.de\/wp\/index.php?rest_route=\/wp\/v2\/pages\/1050\/revisions"}],"predecessor-version":[{"id":3979,"href":"https:\/\/www.fmbg62.de\/wp\/index.php?rest_route=\/wp\/v2\/pages\/1050\/revisions\/3979"}],"wp:attachment":[{"href":"https:\/\/www.fmbg62.de\/wp\/index.php?rest_route=%2Fwp%2Fv2%2Fmedia&parent=1050"}],"curies":[{"name":"wp","href":"https:\/\/api.w.org\/{rel}","templated":true}]}}