{"id":34,"date":"2014-06-20T14:32:26","date_gmt":"2014-06-20T12:32:26","guid":{"rendered":"https:\/\/ssl.webpack.de\/fmbg62.de\/wp\/?page_id=34"},"modified":"2018-11-26T21:49:46","modified_gmt":"2018-11-26T19:49:46","slug":"ueber-uns","status":"publish","type":"page","link":"https:\/\/www.fmbg62.de\/wp\/?page_id=34","title":{"rendered":"Verein"},"content":{"rendered":"<div class='multi-colum'><div class='short-columns column-12 '>Unser Verein wurde im Jahr 1962 in Schifferstadt von 17 Modellbauenthusiasten gegr\u00fcndet und nannte sich fortan &#8222;Flugmodellbaugruppe Schifferstadt&#8220;. Schon wenige Jahre nach der Vereinsgr\u00fcndung verf\u00fcgten wir \u00fcber einen Modellflugplatz mit befestigter Start- und Landebahn.<\/div><div class='short-columns column-12 '><img decoding=\"async\" src=\"\/wp\/wp-content\/uploads\/2014\/06\/ueberuns_1.jpg\" alt=\"\u00dcber uns, Bild1\" \/><\/div><\/div>\n<hr \/>\n<div class='multi-colum'><div class='short-columns column-12 '><img decoding=\"async\" src=\"\/wp\/wp-content\/uploads\/2014\/06\/ueberuns_2.jpg\" alt=\"\u00dcber uns, Bild2\" \/><\/div><div class='short-columns column-12 '>Bereits in der zweiten H\u00e4lfte der sechziger Jahre wurden in Schifferstadt Modellflugveranstaltungen abgehalten, die sich nicht nur im vorderpf\u00e4lzischen Raum gro\u00dfer Beliebtheit erfreuten, sondern auch G\u00e4ste aus Nordbaden und der Eifel anlockten. Piloten wie Herbert Fuchs und der Oberhausener Kurt Scheurer pr\u00e4gten neben dem Maikammerer Otto Scharfenberger und unseren damaligen Assen, wie Dieter Seits und Norbert Schwarz, die Modellflugszene in Schifferstadt.<\/div><\/div>\n<hr \/>\n<div class='multi-colum'><div class='short-columns column-12 '>Anfang der achtziger Jahre konnten die mittlerweile 95 Mitglieder des Vereins in Schifferstadt ihr Hobby nicht mehr aus\u00fcben, da ein realisiertes Stra\u00dfenbauprojekt in Flugplatzn\u00e4he f\u00fcr uns auch \u00c4nderungen in derAufstiegserlaubnis nach sich zog. Trotz massiver Anstrengungen ist es uns nicht gelungen, in den Folgejahren wieder \u00fcber einen &#8222;eigenen&#8220; Modellflugplatz zu verf\u00fcgen.<\/div><div class='short-columns column-12 '><img decoding=\"async\" src=\"\/wp\/wp-content\/uploads\/2014\/06\/ueberuns_3.jpg\" alt=\"\u00dcber uns, Bild3\" \/><\/div><\/div>\n<hr \/>\n<div class='multi-colum'><div class='short-columns column-12 '><img decoding=\"async\" src=\"\/wp\/wp-content\/uploads\/2014\/06\/ueberuns_4.jpg\" alt=\"\u00dcber uns, Bild4\" \/><\/div><div class='short-columns column-12 '>Daher hatte in den achtziger und neunziger Jahren der Begriff &#8222;Gastflieger&#8220; f\u00fcr uns einen hohen Stellenwert. Auch ohne eigenes Fluggel\u00e4nde \u00fcber viele Jahre ist der Verein nicht auseinander gebrochen. Ende der neunziger Jahre wurden alle, die dem Verein die Treue hielten, mit einem &#8222;neuen&#8220; Fluggel\u00e4nde in der Gemarkung Assenheim belohnt. Das Modellfluggel\u00e4nde, f\u00fcr das eine g\u00fcltige Aufstiegserlaubnis bereits exisitierte, wurde von einem befreundeten Nachbarverein, der sich zum damaligen Zeitpunkt in der Aufl\u00f6sung befand, von uns \u00fcbernommen.<\/div><\/div>\n<hr \/>\n<div class='multi-colum'><div class='short-columns column-12 '>P\u00fcnktlich zum neuen Jahrtausend haben wir das Gel\u00e4nde gekauft und sind seit 2000 stolzer Besitzer eines eigenen Modellflugplatzes. Der Verein hat derzeit ca. 110 Mitglieder und ist seit vielen Jahren Mitglied im DMFV. Alle, die unser Hobby sch\u00f6n, interessant oder gar aufregend finden, sind bei uns immer herzlich willkommen&#8230;<\/div><div class='short-columns column-12 '><img decoding=\"async\" src=\"\/wp\/wp-content\/uploads\/2014\/06\/ueberuns_5.jpg\" alt=\"\u00dcber uns, Bild5\" \/><\/div><\/div>\n<hr \/>\n<div class='multi-colum'><div class='short-columns column-12 '><img decoding=\"async\" src=\"\/wp\/wp-content\/uploads\/2014\/06\/ueberuns_6.jpg\" alt=\"\u00dcber uns, Bild6\" \/><\/div><div class='short-columns column-12 '>&#8230; auch in den Wintermonaten bei vielen Hallenflugterminen in Schifferstadter Sporthallen. Testen Sie unsere Gastfreundschaft! Wir treffen uns regelm\u00e4ssig zu unseren Vereinsversammlungen. Genaue Daten entnehmen Sie bitte unserem Terminkalender.<\/div><\/div>\n<hr \/>\n","protected":false},"excerpt":{"rendered":"","protected":false},"author":5,"featured_media":0,"parent":0,"menu_order":20,"comment_status":"closed","ping_status":"closed","template":"","meta":{"ngg_post_thumbnail":0,"footnotes":""},"class_list":["post-34","page","type-page","status-publish","hentry"],"_links":{"self":[{"href":"https:\/\/www.fmbg62.de\/wp\/index.php?rest_route=\/wp\/v2\/pages\/34","targetHints":{"allow":["GET"]}}],"collection":[{"href":"https:\/\/www.fmbg62.de\/wp\/index.php?rest_route=\/wp\/v2\/pages"}],"about":[{"href":"https:\/\/www.fmbg62.de\/wp\/index.php?rest_route=\/wp\/v2\/types\/page"}],"author":[{"embeddable":true,"href":"https:\/\/www.fmbg62.de\/wp\/index.php?rest_route=\/wp\/v2\/users\/5"}],"replies":[{"embeddable":true,"href":"https:\/\/www.fmbg62.de\/wp\/index.php?rest_route=%2Fwp%2Fv2%2Fcomments&post=34"}],"version-history":[{"count":39,"href":"https:\/\/www.fmbg62.de\/wp\/index.php?rest_route=\/wp\/v2\/pages\/34\/revisions"}],"predecessor-version":[{"id":3441,"href":"https:\/\/www.fmbg62.de\/wp\/index.php?rest_route=\/wp\/v2\/pages\/34\/revisions\/3441"}],"wp:attachment":[{"href":"https:\/\/www.fmbg62.de\/wp\/index.php?rest_route=%2Fwp%2Fv2%2Fmedia&parent=34"}],"curies":[{"name":"wp","href":"https:\/\/api.w.org\/{rel}","templated":true}]}}