{"id":3672,"date":"2023-07-01T10:10:12","date_gmt":"2023-07-01T08:10:12","guid":{"rendered":"https:\/\/ssl.webpack.de\/fmbg62.de\/wp\/?page_id=3672"},"modified":"2026-04-01T20:26:00","modified_gmt":"2026-04-01T19:26:00","slug":"schnupperfliegen","status":"publish","type":"page","link":"https:\/\/www.fmbg62.de\/wp\/?page_id=3672","title":{"rendered":"Schnupperfliegen"},"content":{"rendered":"<p>Vielen Dank an Ihrem Interesse an diesem wundersch\u00f6nen Hobby. Gerne k\u00f6nnen Sie mit uns einen Schnupperflugtermin vereinbaren, an dem wir Ihnen die Faszination vom Fliegen n\u00e4her bringen m\u00f6chten und Sie auch selbst \u2013 kostenlos und ohne Risiko \u2013 ein Modellflugzeug steuern k\u00f6nnen. Aus unserem Verein stehen Ihnen erfahrene Modellflugpiloten, darunter auch ein Deutscher Meister und Vize-Weltmeister, zur Verf\u00fcgung. Sofern Ihr Interesse geweckt ist, dann probieren Sie es doch einfach mal aus und melden Sie sich bei uns an. Wir werden anschlie\u00dfend mit Ihnen Kontakt aufnehmen.<\/p>\n<p>Email: schnupperfliegen&lt;at&gt;fmbg62&lt;dot&gt;de (*)<br>*) SPAM-Schutz: Ersetzen Sie bei der Mailadresse &#8218;&lt;at&gt;fmbg62&lt;dot&gt;de&#8216; durch &#8218;@fmbg62.de&#8216;<\/p>\n<p><a class=\"ngg-fancybox\" title=\" \" href=\"https:\/\/www.fmbg62.de\/wp\/wp-content\/gallery\/flugtag-2016\/20160827-244.jpg\" rel=\"\" data-image-id=\"695\" data-src=\"https:\/\/www.fmbg62.de\/wp\/wp-content\/gallery\/flugtag-2016\/20160827-244.jpg\" data-thumbnail=\"https:\/\/www.fmbg62.de\/wp\/wp-content\/gallery\/flugtag-2016\/thumbs\/thumbs_20160827-244.jpg\" data-title=\"20160827-244\" data-description=\" \"><img decoding=\"async\" class=\"ngg-singlepic ngg-none\" src=\"https:\/\/www.fmbg62.de\/wp\/wp-content\/gallery\/flugtag-2016\/20160827-244.jpg\" alt=\"20160827-244\"><\/a><\/p>\n<p>&nbsp;<\/p>\n\n\n<p><\/p>\n","protected":false},"excerpt":{"rendered":"<p>Vielen Dank an Ihrem Interesse an diesem wundersch\u00f6nen Hobby. Gerne k\u00f6nnen Sie mit uns einen Schnupperflugtermin vereinbaren, an dem wir Ihnen die Faszination vom Fliegen n\u00e4her bringen m\u00f6chten und Sie auch selbst \u2013 kostenlos und ohne Risiko \u2013 ein Modellflugzeug steuern k\u00f6nnen. Aus unserem Verein stehen Ihnen erfahrene Modellflugpiloten, darunter \u2026 <a class=\"continue-reading-link\" href=\"https:\/\/www.fmbg62.de\/wp\/?page_id=3672\"> Continue reading <span class=\"meta-nav\">&rarr; <\/span><\/a><\/p>\n","protected":false},"author":1,"featured_media":0,"parent":0,"menu_order":89,"comment_status":"closed","ping_status":"closed","template":"","meta":{"ngg_post_thumbnail":0,"footnotes":""},"class_list":["post-3672","page","type-page","status-publish","hentry"],"_links":{"self":[{"href":"https:\/\/www.fmbg62.de\/wp\/index.php?rest_route=\/wp\/v2\/pages\/3672","targetHints":{"allow":["GET"]}}],"collection":[{"href":"https:\/\/www.fmbg62.de\/wp\/index.php?rest_route=\/wp\/v2\/pages"}],"about":[{"href":"https:\/\/www.fmbg62.de\/wp\/index.php?rest_route=\/wp\/v2\/types\/page"}],"author":[{"embeddable":true,"href":"https:\/\/www.fmbg62.de\/wp\/index.php?rest_route=\/wp\/v2\/users\/1"}],"replies":[{"embeddable":true,"href":"https:\/\/www.fmbg62.de\/wp\/index.php?rest_route=%2Fwp%2Fv2%2Fcomments&post=3672"}],"version-history":[{"count":6,"href":"https:\/\/www.fmbg62.de\/wp\/index.php?rest_route=\/wp\/v2\/pages\/3672\/revisions"}],"predecessor-version":[{"id":3998,"href":"https:\/\/www.fmbg62.de\/wp\/index.php?rest_route=\/wp\/v2\/pages\/3672\/revisions\/3998"}],"wp:attachment":[{"href":"https:\/\/www.fmbg62.de\/wp\/index.php?rest_route=%2Fwp%2Fv2%2Fmedia&parent=3672"}],"curies":[{"name":"wp","href":"https:\/\/api.w.org\/{rel}","templated":true}]}}