{"id":37,"date":"2014-06-20T14:32:43","date_gmt":"2014-06-20T12:32:43","guid":{"rendered":"https:\/\/ssl.webpack.de\/fmbg62.de\/wp\/?page_id=37"},"modified":"2018-11-24T11:34:15","modified_gmt":"2018-11-24T09:34:15","slug":"flugplatz","status":"publish","type":"page","link":"https:\/\/www.fmbg62.de\/wp\/?page_id=37","title":{"rendered":"Flugplatz \/ Anfahrt"},"content":{"rendered":"<p><center><br \/>\n<img decoding=\"async\" src=\"\/wp\/wp-content\/uploads\/2014\/06\/FMBG-Flugplatz.png\" alt=\"FMBG Flugplatz\" width=\"90%\" \/><br \/>\n<\/center><\/p>\n<p>Der Flugplatz der Flugmodellbaugruppe Schifferstadt-Assenheim e.V. verf\u00fcgt seit 2018 \u00fcber eine Aufstiegserlaubnis f\u00fcr Modelle bis 25 kg. Die nutzbare Rasenfl\u00e4che betr\u00e4gt 35m x 100m.<\/p>\n<h2>Hinweise zur Anfahrt<\/h2>\n<p><div class='multi-colum'><div class='short-columns column-14 '><br \/>\n<strong>GPS-Koordinaten:<\/strong><br \/>\n<\/div><div class='short-columns column-34 '><br \/>\n<strong>Nord:<\/strong> 49\u00b0 24&#8242; 18&#8243;  <strong>Ost:<\/strong> 08\u00b0 17&#8242; 49&#8243;<br \/>\n<\/div><\/div><br \/>\n<div class='multi-colum'><div class='short-columns column-14 '><br \/>\n<strong>Luftansicht:<\/strong><br \/>\n<\/div><div class='short-columns column-34 '><br \/>\n<a href=\"https:\/\/www.google.de\/maps\/@49.4051188,8.2966107,215m\/data=!3m1!1e3\" target=\"_blank\">FMBG auf dem Satellitenbild von Google Maps<\/a><br \/>\n<\/div><\/div><br \/>\n<div class='multi-colum'><div class='short-columns column-14 '><br \/>\n<strong>Kartenansicht:<\/strong><br \/>\n<\/div><div class='short-columns column-34 '><br \/>\n<a href=\"https:\/\/www.google.de\/maps\/dir\/\/Flugmodellbaugruppe+1962+Schifferstadt-Assenheim+e.V.\" target=\"_blank\">FMBG auf der Karte von Google Maps<\/a><br \/>\n<\/div><\/div><br \/>\n<div class='multi-colum'><div class='short-columns column-14 '><br \/>\n<strong>Routenplanung:<\/strong><br \/>\n<\/div><div class='short-columns column-34 '><\/p>\n<form action=\"http:\/\/maps.google.de\/maps\" method=\"get\" target=\"_blank\"><label>Start (Ort):<\/label> <input class=\"inputbox\" type=\"text\" name=\"saddr\" value=\"\" size=\"30\"><input type=\"hidden\" name=\"daddr\" value=\"Flugmodellbaugruppe Schifferstadt\"> <button type=\"submit\">Route zur FMBG<\/button><\/form>\n<p>\n<small>Startpunkt (z.B. <em>Hamburg<\/em>) eingeben und <em>Route zur FMBG<\/em> dr\u00fccken<br \/>Beispielrouten: von <a href=\"http:\/\/maps.google.de\/maps?daddr=Flugmodellbaugruppe Schifferstadt&#038;saddr=schifferstadt\" target=\"_blank\">Schifferstadt<\/a>, <a href=\"http:\/\/maps.google.de\/maps?daddr=Flugmodellbaugruppe Schifferstadt&#038;saddr=hochdorf-assenheim\" target=\"_blank\">Assenheim<\/a>, <a href=\"http:\/\/maps.google.de\/maps?daddr=Flugmodellbaugruppe Schifferstadt&#038;saddr=b\u00f6hl-iggelheim\" target=\"_blank\">B\u00f6hl<\/a>, <a href=\"http:\/\/maps.google.de\/maps?daddr=Flugmodellbaugruppe Schifferstadt&#038;saddr=Dannstadt\" target=\"_blank\">Dannstadt<\/a>, <a href=\"http:\/\/maps.google.de\/maps?daddr=Flugmodellbaugruppe Schifferstadt&#038;saddr=Speyer\" target=\"_blank\">Speyer<\/a>, <a href=\"http:\/\/maps.google.de\/maps?daddr=Flugmodellbaugruppe Schifferstadt&#038;saddr=Ludwigshafen am Rhein\" target=\"_blank\">Ludwigshafen<\/a><br \/>powered by Google<\/small><br \/>\n<\/div><\/div><\/p>\n<h2>Kameraflug \u00fcber den Flugplatz<\/h2>\n<p>Bereits etwas \u00e4lter ist das folgende Video: <a href=\"\/wp\/wp-content\/uploads\/2014\/08\/Elektro-Kadett.wmv\">Kameraflug \u00fcber den Flugplatz der FMBG<\/a> (Anklicken und z.B. mit dem Windows Media Player anschauen). Zu sehen ist der Flugplatz der FMBG etwa um 2005. Gefilmt wurde mit einem Modellflugzeug aus der Luft.<\/p>\n","protected":false},"excerpt":{"rendered":"<p>Der Flugplatz der Flugmodellbaugruppe Schifferstadt-Assenheim e.V. verf\u00fcgt seit 2018 \u00fcber eine Aufstiegserlaubnis f\u00fcr Modelle bis 25 kg. Die nutzbare Rasenfl\u00e4che betr\u00e4gt 35m x 100m. Hinweise zur Anfahrt Kameraflug \u00fcber den Flugplatz Bereits etwas \u00e4lter ist das folgende Video: Kameraflug \u00fcber den Flugplatz der FMBG (Anklicken und z.B. mit dem Windows \u2026 <a class=\"continue-reading-link\" href=\"https:\/\/www.fmbg62.de\/wp\/?page_id=37\"> Continue reading <span class=\"meta-nav\">&rarr; <\/span><\/a><\/p>\n","protected":false},"author":5,"featured_media":0,"parent":34,"menu_order":30,"comment_status":"closed","ping_status":"closed","template":"","meta":{"ngg_post_thumbnail":0,"footnotes":""},"class_list":["post-37","page","type-page","status-publish","hentry"],"_links":{"self":[{"href":"https:\/\/www.fmbg62.de\/wp\/index.php?rest_route=\/wp\/v2\/pages\/37","targetHints":{"allow":["GET"]}}],"collection":[{"href":"https:\/\/www.fmbg62.de\/wp\/index.php?rest_route=\/wp\/v2\/pages"}],"about":[{"href":"https:\/\/www.fmbg62.de\/wp\/index.php?rest_route=\/wp\/v2\/types\/page"}],"author":[{"embeddable":true,"href":"https:\/\/www.fmbg62.de\/wp\/index.php?rest_route=\/wp\/v2\/users\/5"}],"replies":[{"embeddable":true,"href":"https:\/\/www.fmbg62.de\/wp\/index.php?rest_route=%2Fwp%2Fv2%2Fcomments&post=37"}],"version-history":[{"count":70,"href":"https:\/\/www.fmbg62.de\/wp\/index.php?rest_route=\/wp\/v2\/pages\/37\/revisions"}],"predecessor-version":[{"id":3413,"href":"https:\/\/www.fmbg62.de\/wp\/index.php?rest_route=\/wp\/v2\/pages\/37\/revisions\/3413"}],"up":[{"embeddable":true,"href":"https:\/\/www.fmbg62.de\/wp\/index.php?rest_route=\/wp\/v2\/pages\/34"}],"wp:attachment":[{"href":"https:\/\/www.fmbg62.de\/wp\/index.php?rest_route=%2Fwp%2Fv2%2Fmedia&parent=37"}],"curies":[{"name":"wp","href":"https:\/\/api.w.org\/{rel}","templated":true}]}}