{"id":40,"date":"2014-06-20T14:33:40","date_gmt":"2014-06-20T12:33:40","guid":{"rendered":"https:\/\/ssl.webpack.de\/fmbg62.de\/wp\/?page_id=40"},"modified":"2026-03-27T20:26:20","modified_gmt":"2026-03-27T19:26:20","slug":"termine","status":"publish","type":"page","link":"https:\/\/www.fmbg62.de\/wp\/?page_id=40","title":{"rendered":"Termine"},"content":{"rendered":"<h1>Hauptversammlung<\/h1>\n<p>Die Hauptversammlung der FMBG findet jedes Jahr am ersten Mittwoch im Februar statt. Die Mitglieder werden schriftlich eingeladen.<\/p>\n<ul>\n<li>04.02.2026, 18:30 Uhr: Hauptversammlung in der Gastst\u00e4tte des FSV1913\/23 Schifferstadt<\/li>\n<li>03.02.2027, 18:30 Uhr: Hauptversammlung in der Gastst\u00e4tte des FSV1913\/23 Schifferstadt<\/li>\n<\/ul>\n<h1>Unterj\u00e4hrige Sitzungen<\/h1>\n<p>Der Vorstand l\u00e4dt zus\u00e4tzlich zur Hauptversammlung zu weiteren Sitzungen ein.<br \/>\nDie Einladung zu den unterj\u00e4hrigen Sitzungen erfolgt per Email und einem Hinweis auf der Homepage.<\/p>\n<ul>\n<li>10.06.2026 Grillen ab 18Uhr. Sitzung ab 20Uhr auf dem Fluggel\u00e4nde<\/li>\n<li>08.07.2026 Grillen ab 18Uhr. Sitzung ab 20Uhr auf dem Fluggel\u00e4nde<\/li>\n<li>09.09.2026 Grillen ab 18Uhr. Sitzung ab 20Uhr auf dem Fluggel\u00e4nde<\/li>\n<\/ul>\n<h1>Vereinsfeste \/ Veranstaltungen<\/h1>\n<ul>\n<li>Neujahrsfliegen am 01. Januar 2026 ab 14 Uhr auf dem Fluggel\u00e4nde<\/li>\n<li>20.03.2026 Kreissportschau<\/li>\n<li>07.06.2026 DMFV Tag des Modellflugs auf dem Fluggel\u00e4nde mit <a href=\"https:\/\/www.fmbg62.de\/wp\/?page_id=3672\">Schnupperfliegen<\/a><\/li>\n<li>01. &amp; 02.08.2026 Familienflugtag auf dem Fluggel\u00e4nde<\/li>\n<li>05.09.2026 Tag der Vereine in der Waldfesthalle Schifferstadt<\/li>\n<li>Neujahrsfliegen am 01. Januar 2027 ab 14 Uhr auf dem Fluggel\u00e4nde<\/li>\n<\/ul>\n<h1>Arbeitseins\u00e4tze<\/h1>\n<ul>\n<li>11.04.2026 Arbeitseinsatz Fr\u00fchjahr ab 9:30 auf dem Fluggel\u00e4nde<\/li>\n<li>Arbeitseinsatz Herbst noch festgelegt\/bekanntgegeben<\/li>\n<\/ul>\n<h1>Stammtisch<\/h1>\n<ul>\n<li>Stammtisch an jedem ersten Dienstag im Monat ab 18 Uhr in der Gastst\u00e4tte des FSV1913\/23 Schifferstadt (Nebenzimmer)<\/li>\n<\/ul>\n<h1>Hallenflugtermine<\/h1>\n<ul>\n<li>Hallenflugtermine werden den Mitgliedern direkt mitgeteilt<\/li>\n<li>Anfragen gerne direkt an die Vorstandschaft<\/li>\n<\/ul>\n<p><em>Die Sporthalle bitte nur mit geeigneten Hallenschuhen betreten!<\/em><\/p>\n<p><center><br \/>\n<img decoding=\"async\" src=\"\/wp\/wp-content\/uploads\/2015\/01\/Hallenfliegen-2015.jpg\" alt=\"FMBG Hallenfliegen\" width=\"90%\" \/><\/center><\/p>\n","protected":false},"excerpt":{"rendered":"<p>Hauptversammlung Die Hauptversammlung der FMBG findet jedes Jahr am ersten Mittwoch im Februar statt. Die Mitglieder werden schriftlich eingeladen. 04.02.2026, 18:30 Uhr: Hauptversammlung in der Gastst\u00e4tte des FSV1913\/23 Schifferstadt 03.02.2027, 18:30 Uhr: Hauptversammlung in der Gastst\u00e4tte des FSV1913\/23 Schifferstadt Unterj\u00e4hrige Sitzungen Der Vorstand l\u00e4dt zus\u00e4tzlich zur Hauptversammlung zu weiteren Sitzungen \u2026 <a class=\"continue-reading-link\" href=\"https:\/\/www.fmbg62.de\/wp\/?page_id=40\"> Continue reading <span class=\"meta-nav\">&rarr; <\/span><\/a><\/p>\n","protected":false},"author":5,"featured_media":0,"parent":0,"menu_order":40,"comment_status":"closed","ping_status":"closed","template":"","meta":{"ngg_post_thumbnail":0,"footnotes":""},"class_list":["post-40","page","type-page","status-publish","hentry"],"_links":{"self":[{"href":"https:\/\/www.fmbg62.de\/wp\/index.php?rest_route=\/wp\/v2\/pages\/40","targetHints":{"allow":["GET"]}}],"collection":[{"href":"https:\/\/www.fmbg62.de\/wp\/index.php?rest_route=\/wp\/v2\/pages"}],"about":[{"href":"https:\/\/www.fmbg62.de\/wp\/index.php?rest_route=\/wp\/v2\/types\/page"}],"author":[{"embeddable":true,"href":"https:\/\/www.fmbg62.de\/wp\/index.php?rest_route=\/wp\/v2\/users\/5"}],"replies":[{"embeddable":true,"href":"https:\/\/www.fmbg62.de\/wp\/index.php?rest_route=%2Fwp%2Fv2%2Fcomments&post=40"}],"version-history":[{"count":86,"href":"https:\/\/www.fmbg62.de\/wp\/index.php?rest_route=\/wp\/v2\/pages\/40\/revisions"}],"predecessor-version":[{"id":3988,"href":"https:\/\/www.fmbg62.de\/wp\/index.php?rest_route=\/wp\/v2\/pages\/40\/revisions\/3988"}],"wp:attachment":[{"href":"https:\/\/www.fmbg62.de\/wp\/index.php?rest_route=%2Fwp%2Fv2%2Fmedia&parent=40"}],"curies":[{"name":"wp","href":"https:\/\/api.w.org\/{rel}","templated":true}]}}