{"id":43,"date":"2014-06-20T14:33:50","date_gmt":"2014-06-20T12:33:50","guid":{"rendered":"https:\/\/ssl.webpack.de\/fmbg62.de\/wp\/?page_id=43"},"modified":"2018-11-24T11:30:54","modified_gmt":"2018-11-24T09:30:54","slug":"jugend","status":"publish","type":"page","link":"https:\/\/www.fmbg62.de\/wp\/?page_id=43","title":{"rendered":"Jugend"},"content":{"rendered":"<div class='multi-colum'><div class='short-columns column-12 '><br \/>\nWenn wir unserem Verein eine Zukunft geben wollen, dann m\u00fcssen wir uns mit gro\u00dfer Aufmerksamkeit und Sorgfalt unserer Jugend widmen. Deshalb k\u00fcmmert sich unser Jugendwart um die Belange des Nachwuchses.<br \/>\n<\/div><br \/>\n<div class='short-columns column-12 '><br \/>\n<img decoding=\"async\" src=\"\/wp\/wp-content\/uploads\/2014\/06\/jugend.jpg\" alt=\"Jugend, Bild1\" width=\"75%\"\/><br \/>\n<\/div><\/div>\n<hr \/>\n<div class='multi-colum'><div class='short-columns column-12 '><br \/>\n<img decoding=\"async\" src=\"\/wp\/wp-content\/uploads\/2014\/06\/jugend2.jpg\" alt=\"Jugend, Bild2\" \/><br \/>\n<\/div><br \/>\n<div class='short-columns column-12 '><br \/>\n\u00dcber das Schnupperfliegen mit vereinseigenem Trainingsmodell und Lehrer\/Sch\u00fcler-Anlage bieten wir allen kostenlos die M\u00f6glichkeit, in das aktive &#8222;Gesch\u00e4ft&#8220; einmal vorr\u00fcbergehend einzusteigen&#8230; wenn auch nur f\u00fcr wenige Minuten &#8222;Pilotendasein&#8220;.<br \/>\n<\/div><\/div>\n<hr \/>\n<div class='multi-colum'><div class='short-columns column-12 '><br \/>\nIm Rahmen unserer Jugendarbeit gab es auch schon eine Modellbau-AG mit der Realschule Plus Schifferstadt. Hier bekamen acht Sch\u00fcler die M\u00f6glichkeit geboten, einmal pro Woche nachmittags unter der fachkundigen Anleitung zweier unserer Vereinsmitglieder das erste eigene Modellflugzeug zu bauen.<br \/>\n<\/div><br \/>\n<div class='short-columns column-12 '><br \/>\n<img decoding=\"async\" src=\"\/wp\/wp-content\/uploads\/2014\/06\/jugend3.jpg\" alt=\"Jugend, Bild3\" \/><br \/>\n<\/div><\/div>\n<hr \/>\n<div class='multi-colum'><div class='short-columns column-12 '><br \/>\n<img decoding=\"async\" src=\"\/wp\/wp-content\/uploads\/2014\/06\/jugend4.jpg\" alt=\"Jugend, Bild4\" \/><br \/>\n<\/div><br \/>\n<div class='short-columns column-12 '><br \/>\nJedes noch so gro\u00df angelegte Engagement eines Vereins bei der Jugendf\u00f6rderung schwindet massiv, wenn die elterliche Unterst\u00fctzung kaum oder gar nicht ausgepr\u00e4gt ist.<br \/>\nDenken Sie bitte daran: Es gibt viele Verf\u00fchrungen im Leben, aber kaum eine sch\u00f6nere als Modellflug!<br \/>\n<\/div><\/div>\n","protected":false},"excerpt":{"rendered":"","protected":false},"author":5,"featured_media":0,"parent":34,"menu_order":50,"comment_status":"closed","ping_status":"closed","template":"","meta":{"ngg_post_thumbnail":0,"footnotes":""},"class_list":["post-43","page","type-page","status-publish","hentry"],"_links":{"self":[{"href":"https:\/\/www.fmbg62.de\/wp\/index.php?rest_route=\/wp\/v2\/pages\/43","targetHints":{"allow":["GET"]}}],"collection":[{"href":"https:\/\/www.fmbg62.de\/wp\/index.php?rest_route=\/wp\/v2\/pages"}],"about":[{"href":"https:\/\/www.fmbg62.de\/wp\/index.php?rest_route=\/wp\/v2\/types\/page"}],"author":[{"embeddable":true,"href":"https:\/\/www.fmbg62.de\/wp\/index.php?rest_route=\/wp\/v2\/users\/5"}],"replies":[{"embeddable":true,"href":"https:\/\/www.fmbg62.de\/wp\/index.php?rest_route=%2Fwp%2Fv2%2Fcomments&post=43"}],"version-history":[{"count":17,"href":"https:\/\/www.fmbg62.de\/wp\/index.php?rest_route=\/wp\/v2\/pages\/43\/revisions"}],"predecessor-version":[{"id":3411,"href":"https:\/\/www.fmbg62.de\/wp\/index.php?rest_route=\/wp\/v2\/pages\/43\/revisions\/3411"}],"up":[{"embeddable":true,"href":"https:\/\/www.fmbg62.de\/wp\/index.php?rest_route=\/wp\/v2\/pages\/34"}],"wp:attachment":[{"href":"https:\/\/www.fmbg62.de\/wp\/index.php?rest_route=%2Fwp%2Fv2%2Fmedia&parent=43"}],"curies":[{"name":"wp","href":"https:\/\/api.w.org\/{rel}","templated":true}]}}