{"id":46,"date":"2014-06-20T14:34:15","date_gmt":"2014-06-20T12:34:15","guid":{"rendered":"https:\/\/ssl.webpack.de\/fmbg62.de\/wp\/?page_id=46"},"modified":"2026-04-01T20:23:21","modified_gmt":"2026-04-01T19:23:21","slug":"mitgliedschaft","status":"publish","type":"page","link":"https:\/\/www.fmbg62.de\/wp\/?page_id=46","title":{"rendered":"Mitgliedschaft"},"content":{"rendered":"<p>Sie interessieren sich f\u00fcr eine Mitgliedschaft in unserem Verein?<\/p>\n<p><a href=\"\/wp\/wp-content\/uploads\/2026\/04\/Aufnahmeantrag_05_2019.pdf\" target=\"_blank\" rel=\"noreferrer noopener\">Aufnahmeantrag<\/a><\/p>\n<p>Bei Fragen k\u00f6nnen sie sich gerne an die <a href=\"https:\/\/www.fmbg62.de\/wp\/?page_id=103\">Vorstandschaft<\/a>&nbsp;wenden.<\/p>\n<p>F\u00fcr Neulinge bieten wir ein <a href=\"https:\/\/www.fmbg62.de\/wp\/?page_id=3672\">Schnupperfliegen<\/a> an.<\/p>\n<p><center><a class=\"ngg-fancybox\" title=\" \" href=\"https:\/\/www.fmbg62.de\/wp\/wp-content\/gallery\/flugtag-2016\/20160827-244.jpg\" rel=\"\" data-image-id=\"695\" data-src=\"https:\/\/www.fmbg62.de\/wp\/wp-content\/gallery\/flugtag-2016\/20160827-244.jpg\" data-thumbnail=\"https:\/\/www.fmbg62.de\/wp\/wp-content\/gallery\/flugtag-2016\/thumbs\/thumbs_20160827-244.jpg\" data-title=\"20160827-244\" data-description=\" \"><img decoding=\"async\" class=\"ngg-singlepic ngg-none\" src=\"https:\/\/www.fmbg62.de\/wp\/wp-content\/gallery\/flugtag-2016\/20160827-244.jpg\" alt=\"20160827-244\"><\/a><\/center><center><\/p>\n<p><\/center><\/p>\n","protected":false},"excerpt":{"rendered":"<p>Sie interessieren sich f\u00fcr eine Mitgliedschaft in unserem Verein? Aufnahmeantrag Bei Fragen k\u00f6nnen sie sich gerne an die Vorstandschaft&nbsp;wenden. F\u00fcr Neulinge bieten wir ein Schnupperfliegen an.<\/p>\n","protected":false},"author":5,"featured_media":0,"parent":34,"menu_order":60,"comment_status":"closed","ping_status":"closed","template":"","meta":{"ngg_post_thumbnail":0,"footnotes":""},"class_list":["post-46","page","type-page","status-publish","hentry"],"_links":{"self":[{"href":"https:\/\/www.fmbg62.de\/wp\/index.php?rest_route=\/wp\/v2\/pages\/46","targetHints":{"allow":["GET"]}}],"collection":[{"href":"https:\/\/www.fmbg62.de\/wp\/index.php?rest_route=\/wp\/v2\/pages"}],"about":[{"href":"https:\/\/www.fmbg62.de\/wp\/index.php?rest_route=\/wp\/v2\/types\/page"}],"author":[{"embeddable":true,"href":"https:\/\/www.fmbg62.de\/wp\/index.php?rest_route=\/wp\/v2\/users\/5"}],"replies":[{"embeddable":true,"href":"https:\/\/www.fmbg62.de\/wp\/index.php?rest_route=%2Fwp%2Fv2%2Fcomments&post=46"}],"version-history":[{"count":13,"href":"https:\/\/www.fmbg62.de\/wp\/index.php?rest_route=\/wp\/v2\/pages\/46\/revisions"}],"predecessor-version":[{"id":3996,"href":"https:\/\/www.fmbg62.de\/wp\/index.php?rest_route=\/wp\/v2\/pages\/46\/revisions\/3996"}],"up":[{"embeddable":true,"href":"https:\/\/www.fmbg62.de\/wp\/index.php?rest_route=\/wp\/v2\/pages\/34"}],"wp:attachment":[{"href":"https:\/\/www.fmbg62.de\/wp\/index.php?rest_route=%2Fwp%2Fv2%2Fmedia&parent=46"}],"curies":[{"name":"wp","href":"https:\/\/api.w.org\/{rel}","templated":true}]}}