{"id":58,"date":"2014-06-20T17:51:02","date_gmt":"2014-06-20T15:51:02","guid":{"rendered":"https:\/\/ssl.webpack.de\/fmbg62.de\/wp\/?page_id=58"},"modified":"2023-07-01T16:53:22","modified_gmt":"2023-07-01T14:53:22","slug":"flugwetter","status":"publish","type":"page","link":"https:\/\/www.fmbg62.de\/wp\/?page_id=58","title":{"rendered":"Wetter"},"content":{"rendered":"<p><a name=\"flugwetter-top\"><\/a><br \/>\nWas interessiert den Modellpiloten? Das Wetter am Platz! Mit den Informationen auf dieser Seite kann man zuverl\u00e4ssig heraus finden, ob sich die Fahrt zum Platz lohnt oder nicht. Falls das Wetter aktuell zu schlecht ist, helfen die Seiten mit den Wetter- und Windprognosen einen sch\u00f6neren Tag zu finden.<\/p>\n<ul>\n<li>Aktuelles Wetter: <a href=\"#fmbgwetter\">Eigene Wetterstation der FMBG <img decoding=\"async\" src=\"\/wp\/wp-content\/uploads\/2014\/07\/down-icon.jpg\" width=\"15\"><\/a><\/li>\n<li>Wetterprognose: <a href=\"#kachelmannwetter\">Kachelmann Wetter (B\u00f6hl-Iggelheim) <img decoding=\"async\" src=\"\/wp\/wp-content\/uploads\/2014\/07\/down-icon.jpg\" width=\"15\"><\/a><\/li>\n<li>Wetter (animiert): <a href=\"#ventusky.com\">ventusky.com (B\u00f6hl-Iggelheim) <img decoding=\"async\" src=\"\/wp\/wp-content\/uploads\/2014\/07\/down-icon.jpg\" width=\"15\"><\/a><\/li>\n<li>Windprognose: <a href=\"#windfinder.com\">windfinder.com (Station B\u00f6hl-Iggelheim) <img decoding=\"async\" src=\"\/wp\/wp-content\/uploads\/2014\/07\/down-icon.jpg\" width=\"15\"><\/a><\/li>\n<\/ul>\n<p><!-- li>Wetterprognose: <a href=\"#wetter.info\">wetter.info (Schifferstadt, Station Speyer) <img decoding=\"async\" src=\"\/wp\/wp-content\/uploads\/2014\/07\/down-icon.jpg\" width=\"15\"><\/a><\/li -->\n<hr>\n<h1>Aktuelles Wetter <a name=\"fmbgwetter\" href=\"#flugwetter-top\"><img decoding=\"async\" src=\"\/wp\/wp-content\/uploads\/2014\/07\/top-icon.jpg\" width=\"20\"><\/a><\/h1>\n<h2><a href=\"\/fmbg-nowp\/wetterstation\/weather\/\" target=\"_blank\" rel=\"noopener\">Eigene Wetterstation der FMBG<\/a><\/h2>\n<p><iframe loading=\"lazy\" src=\"\/fmbg-nowp\/wetterstation\/weather\/\" name=\"FMBG Wetterstation in a box\" width=\"100%\" height=\"1180\"><\/p>\n<p>Ihr Browser kann leider keine eingebetteten Frames anzeigen:<br \/>\nSie k&ouml;nnen die eingebettete Seite &uuml;ber den folgenden Verweis<br \/>\naufrufen: <a href=\"\/fmbg-nowp\/wetterstation\/weather\/\">FMBG Wetterstation<\/a><\/p>\n<p><\/iframe><\/p>\n<p><!-- h3>Info: Die eigene Wetterstation ist derzeit ausser Betrieb. Bitte benutzt die anderen M\u00f6glichkeiten dieser Seite. Sobald die Wetterstation wieder in Betrieb geht, gibt es hier wieder die gewohnten Informationen.<\/h3 -->\n<hr>\n<h1>Wetterprognosen <a name=\"kachelmannwetter\" href=\"#flugwetter-top\"><img decoding=\"async\" src=\"\/wp\/wp-content\/uploads\/2014\/07\/top-icon.jpg\" width=\"20\"><\/a><\/h1>\n<p><!-- h2><a href=\"http:\/\/www.wetter.info\/deutschland-wetter\/rheinland-pfalz\/rhein-pfalz-kreis\/wetter-schifferstadt\/K07338025\" target=\"_blank\" rel=\"noopener\">wetter.info (Schifferstadt, Station Speyer)<\/a><\/h2>\n\n\n--><\/p>\n<p><!-- iframe src=\"http:\/\/www.wetter.info\/deutschland-wetter\/rheinland-pfalz\/rhein-pfalz-kreis\/wetter-schifferstadt\/K07338025\" width=\"100%\" height=\"1240\" name=\"wetter.info in a box\">Ihr Browser kann leider keine eingebetteten Frames anzeigen:\n  Sie k&ouml;nnen die eingebettete Seite &uuml;ber den folgenden Verweis\n  aufrufen: <a href=\"http:\/\/www.wetter.info\/deutschland-wetter\/rheinland-pfalz\/rhein-pfalz-kreis\/wetter-schifferstadt\/K07338025\">wetter.info<\/a>\n\n<\/iframe --><\/p>\n<h2><a href=\"https:\/\/kachelmannwetter.com\/de\/vorhersage\/3272463-boehl-iggelheim\/kompakt\/deu\" target=\"_blank\" rel=\"noopener\">Kachelmann Wetter (B\u00f6hl-Iggelheim)<\/a><\/h2>\n<p><!--\n<iframe loading=\"lazy\" src=\"https:\/\/kachelmannwetter.com\/de\/vorhersage\/3272463-boehl-iggelheim\/kompakt\/deu\" width=\"100%\" height=\"1800\" name=\"Kachelmannweter in a box\">Ihr Browser kann leider keine eingebetteten Frames anzeigen:\n  Sie k&ouml;nnen die eingebettete Seite &uuml;ber den folgenden Verweis\n  aufrufen: <a href=\"https:\/\/kachelmannwetter.com\/de\/vorhersage\/3272463-boehl-iggelheim\/kompakt1x1\">kachelmannwetter.com<\/a>\n\n<\/iframe>\n--><\/p>\n<p>Der Dienst <a href=\"https:\/\/kachelmannwetter.com\/de\/vorhersage\/3272463-boehl-iggelheim\/kompakt\/deu\" target=\"_blank\" rel=\"noopener\">Kachelmann Wetter<\/a> l\u00e4sst sich leider nicht in die Seite einbetten. Deshalb muss dem Link gefolgt werden. Der Link springt direkt auf die Auskunft f\u00fcr  B\u00f6hl-Iggelheim.<\/p>\n<hr>\n<h1>Wetter (animiert) <a name=\"ventusky.com\" href=\"#flugwetter-top\"><img decoding=\"async\" src=\"\/wp\/wp-content\/uploads\/2014\/07\/top-icon.jpg\" width=\"20\"><\/a><\/h1>\n<h2><a href=\"https:\/\/www.ventusky.com\/?p=49.4;8.3;5&amp;l=wind-10m\" target=\"_blank\" rel=\"noopener\">ventusky.com (B\u00f6hl-Iggelheim)<\/a><\/h2>\n<p><iframe loading=\"lazy\" src=\"https:\/\/www.ventusky.com\/?p=49.4;8.3;5&amp;l=wind-10m\" name=\"Ventusky\" width=\"100%\" height=\"600\"><\/p>\n<p>Ihr Browser kann leider keine eingebetteten Frames anzeigen:<br \/>\nSie k&ouml;nnen die eingebettete Seite &uuml;ber den folgenden Verweis<br \/>\naufrufen: <a href=\"https:\/\/www.ventusky.com\/?p=49.4;8.3;5&#038;l=wind-10m\">www.ventusky.com<\/a><\/p>\n<p><\/iframe><\/p>\n<hr>\n<h1>Windprognosen <a name=\"windfinder.com\" href=\"#flugwetter-top\"><img decoding=\"async\" src=\"\/wp\/wp-content\/uploads\/2014\/07\/top-icon.jpg\" width=\"20\"><\/a><\/h1>\n<h2><a href=\"https:\/\/www.windfinder.com\/forecast\/boehl-Iggelheim\" target=\"_blank\" rel=\"noopener\">windfinder.com (Station B\u00f6hl-Iggelheim)<\/a><\/h2>\n<p>Der Dienst <a href=\"https:\/\/www.windfinder.com\/forecast\/boehl-Iggelheim\" target=\"_blank\" rel=\"noopener\">windfinder.com<\/a> l\u00e4sst sich leider nicht in die Seite einbetten. Deshalb muss dem Link gefolgt werden. Der Service ist eigentlich f\u00fcr Wassersportler (Segler, Wind- und Kitesurfer) gemacht, taugt aber auch f\u00fcr unsere Zwecke. Der Link springt direkt auf die Wetterstation B\u00f6hl-Iggelheim.<\/p>\n","protected":false},"excerpt":{"rendered":"<p>Was interessiert den Modellpiloten? Das Wetter am Platz! Mit den Informationen auf dieser Seite kann man zuverl\u00e4ssig heraus finden, ob sich die Fahrt zum Platz lohnt oder nicht. Falls das Wetter aktuell zu schlecht ist, helfen die Seiten mit den Wetter- und Windprognosen einen sch\u00f6neren Tag zu finden. Aktuelles Wetter: \u2026 <a class=\"continue-reading-link\" href=\"https:\/\/www.fmbg62.de\/wp\/?page_id=58\"> Continue reading <span class=\"meta-nav\">&rarr; <\/span><\/a><\/p>\n","protected":false},"author":5,"featured_media":0,"parent":0,"menu_order":35,"comment_status":"closed","ping_status":"closed","template":"templates\/template-onecolumn.php","meta":{"ngg_post_thumbnail":0,"footnotes":""},"class_list":["post-58","page","type-page","status-publish","hentry"],"_links":{"self":[{"href":"https:\/\/www.fmbg62.de\/wp\/index.php?rest_route=\/wp\/v2\/pages\/58","targetHints":{"allow":["GET"]}}],"collection":[{"href":"https:\/\/www.fmbg62.de\/wp\/index.php?rest_route=\/wp\/v2\/pages"}],"about":[{"href":"https:\/\/www.fmbg62.de\/wp\/index.php?rest_route=\/wp\/v2\/types\/page"}],"author":[{"embeddable":true,"href":"https:\/\/www.fmbg62.de\/wp\/index.php?rest_route=\/wp\/v2\/users\/5"}],"replies":[{"embeddable":true,"href":"https:\/\/www.fmbg62.de\/wp\/index.php?rest_route=%2Fwp%2Fv2%2Fcomments&post=58"}],"version-history":[{"count":98,"href":"https:\/\/www.fmbg62.de\/wp\/index.php?rest_route=\/wp\/v2\/pages\/58\/revisions"}],"predecessor-version":[{"id":3690,"href":"https:\/\/www.fmbg62.de\/wp\/index.php?rest_route=\/wp\/v2\/pages\/58\/revisions\/3690"}],"wp:attachment":[{"href":"https:\/\/www.fmbg62.de\/wp\/index.php?rest_route=%2Fwp%2Fv2%2Fmedia&parent=58"}],"curies":[{"name":"wp","href":"https:\/\/api.w.org\/{rel}","templated":true}]}}