{"id":919,"date":"2014-06-27T21:02:14","date_gmt":"2014-06-27T19:02:14","guid":{"rendered":"https:\/\/ssl.webpack.de\/fmbg62.de\/wp\/?page_id=919"},"modified":"2014-06-29T17:48:14","modified_gmt":"2014-06-29T15:48:14","slug":"gastflieger","status":"publish","type":"page","link":"https:\/\/www.fmbg62.de\/wp\/?page_id=919","title":{"rendered":"Gastflieger"},"content":{"rendered":"<p>Gastflieger sind bei uns willkommen. Sei es, um einfach mal an einem Flugtag auf unserem Platz teilzunehmen oder um das Hobby Modellflug unkompliziert auszuprobieren und sich sp\u00e4ter unserem Verein anzuschliessen.<\/p>\n<p>Voraussetzung ist eine g\u00fcltige Modellflugversicherung. Diese muss beim eingeteilten Flugleiter nachgewiesen und in das Flugbuch eingetragen werden. F\u00fcr potentielle Modellflugeinsteiger bietet sich die kostenlose <a href=\"http:\/\/dmfv.aero\/mitgliedschaft\/probemitgliedschaft\/\" target=\"_blank\">Probemitgliedschaft im DMFV<\/a> an. Diese umfasst die notwendige Modellflugversicherung f\u00fcr 3 Monate. Ideal, um den Modellflugsport anzutesten. Letztlich entscheidet der Flugleiter, ob G\u00e4ste am Modellflugbetrieb teilnehmen d\u00fcrfen oder nicht. Er muss einsch\u00e4tzen k\u00f6nnen, ob der vorgelegte Versicherungsnachweis g\u00fcltig ist. Mitgliedsnachweise beim DMFV sind daf\u00fcr der einfachste Beleg. Diese Regelung gilt auch bei unseren Hallenflugtagen.<\/p>\n<p>Die Teilnahme an einem Flugtag der FMBG ist f\u00fcr Gastflieger kostenlos. Allerdings ist es nicht m\u00f6glich, auf den Platz zu gehen und zu fliegen, wenn kein Vereinsmitglied anwesend ist. Sprechen Sie uns deshalb einfach an, wenn wir auf dem Flugplatz sind.<\/p>\n<p>Das war es auch schon und dem Modellflugspa\u00df steht nichts mehr im Wege.<\/p>\n<p><center><br \/>\n<img decoding=\"async\" src=\"\/wp\/wp-content\/uploads\/2014\/06\/HeliFliegen-201406-Gaui-X3-1.png\" alt=\"Gaui X3\" width=\"75%\"><br \/>\n<\/center><\/p>\n","protected":false},"excerpt":{"rendered":"<p>Gastflieger sind bei uns willkommen. Sei es, um einfach mal an einem Flugtag auf unserem Platz teilzunehmen oder um das Hobby Modellflug unkompliziert auszuprobieren und sich sp\u00e4ter unserem Verein anzuschliessen. Voraussetzung ist eine g\u00fcltige Modellflugversicherung. Diese muss beim eingeteilten Flugleiter nachgewiesen und in das Flugbuch eingetragen werden. F\u00fcr potentielle Modellflugeinsteiger \u2026 <a class=\"continue-reading-link\" href=\"https:\/\/www.fmbg62.de\/wp\/?page_id=919\"> Continue reading <span class=\"meta-nav\">&rarr; <\/span><\/a><\/p>\n","protected":false},"author":5,"featured_media":0,"parent":34,"menu_order":59,"comment_status":"closed","ping_status":"closed","template":"","meta":{"ngg_post_thumbnail":0,"footnotes":""},"class_list":["post-919","page","type-page","status-publish","hentry"],"_links":{"self":[{"href":"https:\/\/www.fmbg62.de\/wp\/index.php?rest_route=\/wp\/v2\/pages\/919","targetHints":{"allow":["GET"]}}],"collection":[{"href":"https:\/\/www.fmbg62.de\/wp\/index.php?rest_route=\/wp\/v2\/pages"}],"about":[{"href":"https:\/\/www.fmbg62.de\/wp\/index.php?rest_route=\/wp\/v2\/types\/page"}],"author":[{"embeddable":true,"href":"https:\/\/www.fmbg62.de\/wp\/index.php?rest_route=\/wp\/v2\/users\/5"}],"replies":[{"embeddable":true,"href":"https:\/\/www.fmbg62.de\/wp\/index.php?rest_route=%2Fwp%2Fv2%2Fcomments&post=919"}],"version-history":[{"count":9,"href":"https:\/\/www.fmbg62.de\/wp\/index.php?rest_route=\/wp\/v2\/pages\/919\/revisions"}],"predecessor-version":[{"id":945,"href":"https:\/\/www.fmbg62.de\/wp\/index.php?rest_route=\/wp\/v2\/pages\/919\/revisions\/945"}],"up":[{"embeddable":true,"href":"https:\/\/www.fmbg62.de\/wp\/index.php?rest_route=\/wp\/v2\/pages\/34"}],"wp:attachment":[{"href":"https:\/\/www.fmbg62.de\/wp\/index.php?rest_route=%2Fwp%2Fv2%2Fmedia&parent=919"}],"curies":[{"name":"wp","href":"https:\/\/api.w.org\/{rel}","templated":true}]}}